{"id":23523,"date":"2024-12-05T08:53:49","date_gmt":"2024-12-05T11:53:49","guid":{"rendered":"https:\/\/emblemax.com.br\/produto\/parafuso-para-roda-allen-om-zf-duster-m12x15-20-pcs\/"},"modified":"2025-09-09T07:39:43","modified_gmt":"2025-09-09T10:39:43","slug":"parafuso-para-roda-allen-om-zf-duster-m12x15-20-pcs","status":"publish","type":"product","link":"https:\/\/emblemax.com.br\/es\/produto\/parafuso-para-roda-allen-om-zf-duster-m12x15-20-pcs\/","title":{"rendered":"PARAFUSO PARA RODA ALLEN OM\/ZF\/DUSTER M12X1,5 (20 P\u00c7S)"},"content":{"rendered":"<p>Transforme a performance do seu carro com nosso parafuso, projetado para garantir uma fixa\u00e7\u00e3o segura e eficaz nas rodas, proporcionando estabilidade e seguran\u00e7a em cada viagem.<\/p>\n","protected":false},"excerpt":{"rendered":"<p>Bitola: M12\u00a0\u00a0<\/p>\n<p>Rosca 1,50\u00a0\u00a0<\/p>\n<p>Comprimento total: 53mm\u00a0\u00a0<\/p>\n<p>Comprimento rosca: 28mm\u00a0\u00a0<\/p>\n<p>Chave: 17\/19\u00a0\u00a0<\/p>\n<p>Acabamento: Cromado\u00a0\u00a0<\/p>\n<p>Jogo: 20 pe\u00e7as + 1 chave<\/p>\n","protected":false},"featured_media":23520,"comment_status":"open","ping_status":"closed","template":"","meta":[],"product_cat":[721,714],"product_tag":[],"class_list":{"0":"post-23523","1":"product","2":"type-product","3":"status-publish","4":"has-post-thumbnail","6":"product_cat-parafusos-allen","7":"product_cat-porcas","9":"first","10":"instock","11":"taxable","12":"shipping-taxable","13":"purchasable","14":"product-type-simple"},"_links":{"self":[{"href":"https:\/\/emblemax.com.br\/es\/wp-json\/wp\/v2\/product\/23523","targetHints":{"allow":["GET"]}}],"collection":[{"href":"https:\/\/emblemax.com.br\/es\/wp-json\/wp\/v2\/product"}],"about":[{"href":"https:\/\/emblemax.com.br\/es\/wp-json\/wp\/v2\/types\/product"}],"replies":[{"embeddable":true,"href":"https:\/\/emblemax.com.br\/es\/wp-json\/wp\/v2\/comments?post=23523"}],"wp:featuredmedia":[{"embeddable":true,"href":"https:\/\/emblemax.com.br\/es\/wp-json\/wp\/v2\/media\/23520"}],"wp:attachment":[{"href":"https:\/\/emblemax.com.br\/es\/wp-json\/wp\/v2\/media?parent=23523"}],"wp:term":[{"taxonomy":"product_cat","embeddable":true,"href":"https:\/\/emblemax.com.br\/es\/wp-json\/wp\/v2\/product_cat?post=23523"},{"taxonomy":"product_tag","embeddable":true,"href":"https:\/\/emblemax.com.br\/es\/wp-json\/wp\/v2\/product_tag?post=23523"}],"curies":[{"name":"wp","href":"https:\/\/api.w.org\/{rel}","templated":true}]}}