{"id":23551,"date":"2024-12-05T08:54:21","date_gmt":"2024-12-05T11:54:21","guid":{"rendered":"https:\/\/emblemax.com.br\/produto\/parafuso-allen-para-roda-ft-pg-ct-m12x125-16-pcs\/"},"modified":"2025-04-10T13:39:02","modified_gmt":"2025-04-10T16:39:02","slug":"parafuso-allen-para-roda-ft-pg-ct-m12x125-16-pcs","status":"publish","type":"product","link":"https:\/\/emblemax.com.br\/es\/produto\/parafuso-allen-para-roda-ft-pg-ct-m12x125-16-pcs\/","title":{"rendered":"PARAFUSO ALLEN PARA RODA FT\/PG\/CT M12X1,25 (16 P\u00c7S)"},"content":{"rendered":"<p>Transforme a performance do seu carro com nosso parafuso, projetado para garantir uma fixa\u00e7\u00e3o segura e eficaz nas rodas, proporcionando estabilidade e seguran\u00e7a em cada viagem.<\/p>\n","protected":false},"excerpt":{"rendered":"<p>Descri\u00e7\u00e3o do Produto<\/p>\n<p>Bitola: M12<br \/>\nRosca: 1,25mm<br \/>\nComprimento Total: 52mm<br \/>\nComprimento Rosca: 28mm<br \/>\nChave: 17\/19mm<br \/>\nAcabamento: Cromado<br \/>\nJogo: 16 pe\u00e7as + 1 chave<\/p>\n<p>Aplica\u00e7\u00e3o : Fiat Toro \/ Jeep Renegade \/ Compass \/ Brava \/ Elba \/ Siena \/ Strada \/ Fiorino \/ Uno \/ Punto \/ Peugeot \/ Critoen<\/p>\n","protected":false},"featured_media":23670,"comment_status":"open","ping_status":"closed","template":"","meta":[],"product_cat":[721,714],"product_tag":[],"class_list":{"0":"post-23551","1":"product","2":"type-product","3":"status-publish","4":"has-post-thumbnail","6":"product_cat-parafusos-allen","7":"product_cat-porcas","9":"first","10":"instock","11":"taxable","12":"shipping-taxable","13":"purchasable","14":"product-type-simple"},"_links":{"self":[{"href":"https:\/\/emblemax.com.br\/es\/wp-json\/wp\/v2\/product\/23551","targetHints":{"allow":["GET"]}}],"collection":[{"href":"https:\/\/emblemax.com.br\/es\/wp-json\/wp\/v2\/product"}],"about":[{"href":"https:\/\/emblemax.com.br\/es\/wp-json\/wp\/v2\/types\/product"}],"replies":[{"embeddable":true,"href":"https:\/\/emblemax.com.br\/es\/wp-json\/wp\/v2\/comments?post=23551"}],"wp:featuredmedia":[{"embeddable":true,"href":"https:\/\/emblemax.com.br\/es\/wp-json\/wp\/v2\/media\/23670"}],"wp:attachment":[{"href":"https:\/\/emblemax.com.br\/es\/wp-json\/wp\/v2\/media?parent=23551"}],"wp:term":[{"taxonomy":"product_cat","embeddable":true,"href":"https:\/\/emblemax.com.br\/es\/wp-json\/wp\/v2\/product_cat?post=23551"},{"taxonomy":"product_tag","embeddable":true,"href":"https:\/\/emblemax.com.br\/es\/wp-json\/wp\/v2\/product_tag?post=23551"}],"curies":[{"name":"wp","href":"https:\/\/api.w.org\/{rel}","templated":true}]}}