{"id":23746,"date":"2024-12-05T14:49:56","date_gmt":"2024-12-05T17:49:56","guid":{"rendered":"https:\/\/emblemax.com.br\/produto\/parafuso-cromado-vw-brs-kombi-fusca-ch19-m14x15-16-pcs\/"},"modified":"2025-04-10T12:30:20","modified_gmt":"2025-04-10T15:30:20","slug":"parafuso-cromado-vw-brs-kombi-fusca-ch19-m14x15-16-pcs","status":"publish","type":"product","link":"https:\/\/emblemax.com.br\/es\/produto\/parafuso-cromado-vw-brs-kombi-fusca-ch19-m14x15-16-pcs\/","title":{"rendered":"PARAFUSO CROMADO VW BRS\/KOMBI\/FUSCA CH19 M14X1,5  (16 P\u00c7S)"},"content":{"rendered":"<p>Transforme a performance do seu carro com nosso parafuso, projetado para garantir uma fixa\u00e7\u00e3o segura e eficaz nas rodas, proporcionando estabilidade e seguran\u00e7a em cada viagem.<\/p>\n","protected":false},"excerpt":{"rendered":"<p>Descri\u00e7\u00e3o do Produto<\/p>\n<p>Bitola: M14<br \/>\nRosca: 1,50<br \/>\nComprimento Total: 43mm<br \/>\nComprimento da Rosca: 26mm<br \/>\nChave: 19mm<br \/>\nAssentamento: Esf\u00e9rico<br \/>\nAcabamento: Cromado<br \/>\nJogo 16 Pe\u00e7as<br \/>\n(Para Rodas Originais de F\u00e1brica)<\/p>\n<p>Aplica\u00e7\u00e3o: Volkswagen Bras\u00edlia Kombi \/ Fusca<\/p>\n","protected":false},"featured_media":24396,"comment_status":"open","ping_status":"closed","template":"","meta":[],"product_cat":[723,714],"product_tag":[],"class_list":{"0":"post-23746","1":"product","2":"type-product","3":"status-publish","4":"has-post-thumbnail","6":"product_cat-parafusos-cromados","7":"product_cat-porcas","9":"first","10":"instock","11":"taxable","12":"shipping-taxable","13":"purchasable","14":"product-type-simple"},"_links":{"self":[{"href":"https:\/\/emblemax.com.br\/es\/wp-json\/wp\/v2\/product\/23746","targetHints":{"allow":["GET"]}}],"collection":[{"href":"https:\/\/emblemax.com.br\/es\/wp-json\/wp\/v2\/product"}],"about":[{"href":"https:\/\/emblemax.com.br\/es\/wp-json\/wp\/v2\/types\/product"}],"replies":[{"embeddable":true,"href":"https:\/\/emblemax.com.br\/es\/wp-json\/wp\/v2\/comments?post=23746"}],"wp:featuredmedia":[{"embeddable":true,"href":"https:\/\/emblemax.com.br\/es\/wp-json\/wp\/v2\/media\/24396"}],"wp:attachment":[{"href":"https:\/\/emblemax.com.br\/es\/wp-json\/wp\/v2\/media?parent=23746"}],"wp:term":[{"taxonomy":"product_cat","embeddable":true,"href":"https:\/\/emblemax.com.br\/es\/wp-json\/wp\/v2\/product_cat?post=23746"},{"taxonomy":"product_tag","embeddable":true,"href":"https:\/\/emblemax.com.br\/es\/wp-json\/wp\/v2\/product_tag?post=23746"}],"curies":[{"name":"wp","href":"https:\/\/api.w.org\/{rel}","templated":true}]}}