{"id":23750,"date":"2024-12-05T14:50:01","date_gmt":"2024-12-05T17:50:01","guid":{"rendered":"https:\/\/emblemax.com.br\/produto\/parafuso-cromado-bras-kombi-fusca-ch19-m14x15-longo-16pcs\/"},"modified":"2025-01-21T14:46:28","modified_gmt":"2025-01-21T17:46:28","slug":"parafuso-cromado-bras-kombi-fusca-ch19-m14x15-longo-16pcs","status":"publish","type":"product","link":"https:\/\/emblemax.com.br\/es\/produto\/parafuso-cromado-bras-kombi-fusca-ch19-m14x15-longo-16pcs\/","title":{"rendered":"PARAFUSO CROMADO BRAS\/KOMBI\/FUSCA CH19 M14X1,5 LONGO (16P\u00c7S)"},"content":{"rendered":"<p>Transforme a performance do seu carro com nosso parafuso, projetado para garantir uma fixa\u00e7\u00e3o segura e eficaz nas rodas, proporcionando estabilidade e seguran\u00e7a em cada viagem.<\/p>\n","protected":false},"excerpt":{"rendered":"<p>Bitola M14<br \/>\nRosca 1,50<br \/>\nComprimento Total 55mm<br \/>\nComprimento da Rosca 35mm<br \/>\nChave 19<br \/>\nAcabamento Cromado<br \/>\nJogo 16 Pe\u00e7as<\/p>\n<p>Aplica\u00e7\u00e3o: BRASILIA \/ KOMBI \/ FUSCA<\/p>\n","protected":false},"featured_media":24390,"comment_status":"open","ping_status":"closed","template":"","meta":[],"product_cat":[723,714],"product_tag":[],"class_list":{"0":"post-23750","1":"product","2":"type-product","3":"status-publish","4":"has-post-thumbnail","6":"product_cat-parafusos-cromados","7":"product_cat-porcas","9":"first","10":"instock","11":"taxable","12":"shipping-taxable","13":"purchasable","14":"product-type-simple"},"_links":{"self":[{"href":"https:\/\/emblemax.com.br\/es\/wp-json\/wp\/v2\/product\/23750","targetHints":{"allow":["GET"]}}],"collection":[{"href":"https:\/\/emblemax.com.br\/es\/wp-json\/wp\/v2\/product"}],"about":[{"href":"https:\/\/emblemax.com.br\/es\/wp-json\/wp\/v2\/types\/product"}],"replies":[{"embeddable":true,"href":"https:\/\/emblemax.com.br\/es\/wp-json\/wp\/v2\/comments?post=23750"}],"wp:featuredmedia":[{"embeddable":true,"href":"https:\/\/emblemax.com.br\/es\/wp-json\/wp\/v2\/media\/24390"}],"wp:attachment":[{"href":"https:\/\/emblemax.com.br\/es\/wp-json\/wp\/v2\/media?parent=23750"}],"wp:term":[{"taxonomy":"product_cat","embeddable":true,"href":"https:\/\/emblemax.com.br\/es\/wp-json\/wp\/v2\/product_cat?post=23750"},{"taxonomy":"product_tag","embeddable":true,"href":"https:\/\/emblemax.com.br\/es\/wp-json\/wp\/v2\/product_tag?post=23750"}],"curies":[{"name":"wp","href":"https:\/\/api.w.org\/{rel}","templated":true}]}}