{"id":23769,"date":"2024-12-05T14:50:18","date_gmt":"2024-12-05T17:50:18","guid":{"rendered":"https:\/\/emblemax.com.br\/produto\/parafuso-para-roda-cromado-classe-a-ch17-m12x15-20-pcs\/"},"modified":"2025-01-21T14:44:53","modified_gmt":"2025-01-21T17:44:53","slug":"parafuso-para-roda-cromado-classe-a-ch17-m12x15-20-pcs","status":"publish","type":"product","link":"https:\/\/emblemax.com.br\/es\/produto\/parafuso-para-roda-cromado-classe-a-ch17-m12x15-20-pcs\/","title":{"rendered":"PARAFUSO PARA RODA CROMADO CLASSE A CH17 M12X1,5 (20 P\u00c7S)"},"content":{"rendered":"<p>Transforme a performance do seu carro com nosso parafuso, projetado para garantir uma fixa\u00e7\u00e3o segura e eficaz nas rodas, proporcionando estabilidade e seguran\u00e7a em cada viagem.<\/p>\n","protected":false},"excerpt":{"rendered":"<p>Bitola M12<br \/>\nRosca 1,50<br \/>\nComprimento Total 60mm<br \/>\nComprimento da Rosca 36mm<br \/>\nChave 17<br \/>\nAcabamento Cromado<br \/>\nJogo 20 Pe\u00e7as<\/p>\n<p>Aplica\u00e7\u00e3o: Mercedes Classe A &#8211; C\u00f4nica<\/p>\n","protected":false},"featured_media":24357,"comment_status":"open","ping_status":"closed","template":"","meta":[],"product_cat":[723,714],"product_tag":[],"class_list":{"0":"post-23769","1":"product","2":"type-product","3":"status-publish","4":"has-post-thumbnail","6":"product_cat-parafusos-cromados","7":"product_cat-porcas","9":"first","10":"instock","11":"taxable","12":"shipping-taxable","13":"purchasable","14":"product-type-simple"},"_links":{"self":[{"href":"https:\/\/emblemax.com.br\/es\/wp-json\/wp\/v2\/product\/23769","targetHints":{"allow":["GET"]}}],"collection":[{"href":"https:\/\/emblemax.com.br\/es\/wp-json\/wp\/v2\/product"}],"about":[{"href":"https:\/\/emblemax.com.br\/es\/wp-json\/wp\/v2\/types\/product"}],"replies":[{"embeddable":true,"href":"https:\/\/emblemax.com.br\/es\/wp-json\/wp\/v2\/comments?post=23769"}],"wp:featuredmedia":[{"embeddable":true,"href":"https:\/\/emblemax.com.br\/es\/wp-json\/wp\/v2\/media\/24357"}],"wp:attachment":[{"href":"https:\/\/emblemax.com.br\/es\/wp-json\/wp\/v2\/media?parent=23769"}],"wp:term":[{"taxonomy":"product_cat","embeddable":true,"href":"https:\/\/emblemax.com.br\/es\/wp-json\/wp\/v2\/product_cat?post=23769"},{"taxonomy":"product_tag","embeddable":true,"href":"https:\/\/emblemax.com.br\/es\/wp-json\/wp\/v2\/product_tag?post=23769"}],"curies":[{"name":"wp","href":"https:\/\/api.w.org\/{rel}","templated":true}]}}