{"id":23781,"date":"2024-12-05T14:50:32","date_gmt":"2024-12-05T17:50:32","guid":{"rendered":"https:\/\/emblemax.com.br\/produto\/parafuso-cromado-gm-rn-fd-ch19-m12x15-longo-16-pcs\/"},"modified":"2025-01-21T14:44:13","modified_gmt":"2025-01-21T17:44:13","slug":"parafuso-cromado-gm-rn-fd-ch19-m12x15-longo-16-pcs","status":"publish","type":"product","link":"https:\/\/emblemax.com.br\/es\/produto\/parafuso-cromado-gm-rn-fd-ch19-m12x15-longo-16-pcs\/","title":{"rendered":"PARAFUSO CROMADO GM\/RN\/FD CH19 M12X1,5 LONGO (16 P\u00c7S)"},"content":{"rendered":"<p>Transforme a performance do seu carro com nosso parafuso, projetado para garantir uma fixa\u00e7\u00e3o segura e eficaz nas rodas, proporcionando estabilidade e seguran\u00e7a em cada viagem.<\/p>\n","protected":false},"excerpt":{"rendered":"<p>Bitola M12<br \/>\nRosca 1,50<br \/>\nComprimento Total 63mm<br \/>\nComprimento da Rosca 38mm<br \/>\nChave 19<br \/>\nAcabamento Cromado<br \/>\nJogo 16 Pe\u00e7as<\/p>\n<p>Aplica\u00e7\u00e3o: GM \/ RENAULT \/ FORD<\/p>\n","protected":false},"featured_media":24345,"comment_status":"open","ping_status":"closed","template":"","meta":[],"product_cat":[723,714],"product_tag":[],"class_list":{"0":"post-23781","1":"product","2":"type-product","3":"status-publish","4":"has-post-thumbnail","6":"product_cat-parafusos-cromados","7":"product_cat-porcas","9":"first","10":"instock","11":"taxable","12":"shipping-taxable","13":"purchasable","14":"product-type-simple"},"_links":{"self":[{"href":"https:\/\/emblemax.com.br\/es\/wp-json\/wp\/v2\/product\/23781","targetHints":{"allow":["GET"]}}],"collection":[{"href":"https:\/\/emblemax.com.br\/es\/wp-json\/wp\/v2\/product"}],"about":[{"href":"https:\/\/emblemax.com.br\/es\/wp-json\/wp\/v2\/types\/product"}],"replies":[{"embeddable":true,"href":"https:\/\/emblemax.com.br\/es\/wp-json\/wp\/v2\/comments?post=23781"}],"wp:featuredmedia":[{"embeddable":true,"href":"https:\/\/emblemax.com.br\/es\/wp-json\/wp\/v2\/media\/24345"}],"wp:attachment":[{"href":"https:\/\/emblemax.com.br\/es\/wp-json\/wp\/v2\/media?parent=23781"}],"wp:term":[{"taxonomy":"product_cat","embeddable":true,"href":"https:\/\/emblemax.com.br\/es\/wp-json\/wp\/v2\/product_cat?post=23781"},{"taxonomy":"product_tag","embeddable":true,"href":"https:\/\/emblemax.com.br\/es\/wp-json\/wp\/v2\/product_tag?post=23781"}],"curies":[{"name":"wp","href":"https:\/\/api.w.org\/{rel}","templated":true}]}}