{"id":25130,"date":"2024-12-11T10:36:10","date_gmt":"2024-12-11T13:36:10","guid":{"rendered":"https:\/\/emblemax.com.br\/produto\/bico-de-vavula-para-pneu-cromada\/"},"modified":"2025-06-08T18:44:56","modified_gmt":"2025-06-08T21:44:56","slug":"bico-de-vavula-para-pneu-cromada","status":"publish","type":"product","link":"https:\/\/emblemax.com.br\/es\/produto\/bico-de-vavula-para-pneu-cromada\/","title":{"rendered":"BICO DE V\u00c1VULA PARA PNEU CROMADA"},"content":{"rendered":"<p>&#8211; Pl\u00e1stico de alta qualidade<\/p>\n<p>&#8211; Protege seu ve\u00edculo dando maior seguran\u00e7a para a sua Roda<\/p>\n<p>&#8211; Designer moderno e esportivo<\/p>\n<p>&#8211; F\u00e1cil instala\u00e7\u00e3o<\/p>\n","protected":false},"excerpt":{"rendered":"<p><strong>Especifica\u00e7\u00e3o T\u00e9cnica:\u00a0<\/strong><\/p>\n<p>&#8211; Tampa Valvula Bico Roda Pneu Anti-furto Cromado<\/p>\n<p><strong>Conte\u00fado da Embalagem:<\/strong><\/p>\n<p>&#8211; 04 Tampas Cromadas Para Bico De V\u00e1lvula<\/p>\n<p>&#8211; 04 Capas Cromadas Para V\u00e1lvula<\/p>\n<p>&#8211; 01 Chave Para Aperto Antifurto<\/p>\n","protected":false},"featured_media":25127,"comment_status":"open","ping_status":"closed","template":"","meta":[],"product_cat":[653],"product_tag":[],"class_list":{"0":"post-25130","1":"product","2":"type-product","3":"status-publish","4":"has-post-thumbnail","6":"product_cat-adaptador","8":"first","9":"instock","10":"taxable","11":"shipping-taxable","12":"purchasable","13":"product-type-simple"},"_links":{"self":[{"href":"https:\/\/emblemax.com.br\/es\/wp-json\/wp\/v2\/product\/25130","targetHints":{"allow":["GET"]}}],"collection":[{"href":"https:\/\/emblemax.com.br\/es\/wp-json\/wp\/v2\/product"}],"about":[{"href":"https:\/\/emblemax.com.br\/es\/wp-json\/wp\/v2\/types\/product"}],"replies":[{"embeddable":true,"href":"https:\/\/emblemax.com.br\/es\/wp-json\/wp\/v2\/comments?post=25130"}],"wp:featuredmedia":[{"embeddable":true,"href":"https:\/\/emblemax.com.br\/es\/wp-json\/wp\/v2\/media\/25127"}],"wp:attachment":[{"href":"https:\/\/emblemax.com.br\/es\/wp-json\/wp\/v2\/media?parent=25130"}],"wp:term":[{"taxonomy":"product_cat","embeddable":true,"href":"https:\/\/emblemax.com.br\/es\/wp-json\/wp\/v2\/product_cat?post=25130"},{"taxonomy":"product_tag","embeddable":true,"href":"https:\/\/emblemax.com.br\/es\/wp-json\/wp\/v2\/product_tag?post=25130"}],"curies":[{"name":"wp","href":"https:\/\/api.w.org\/{rel}","templated":true}]}}