{"id":25158,"date":"2024-12-11T14:30:29","date_gmt":"2024-12-11T17:30:29","guid":{"rendered":"https:\/\/emblemax.com.br\/produto\/valvula-para-sensor-tpms-universal-4-pcs\/"},"modified":"2025-01-17T09:07:48","modified_gmt":"2025-01-17T12:07:48","slug":"valvula-para-sensor-tpms-universal-4-pcs","status":"publish","type":"product","link":"https:\/\/emblemax.com.br\/es\/produto\/valvula-para-sensor-tpms-universal-4-pcs\/","title":{"rendered":"V\u00c1LVULA PARA SENSOR TPMS UNIVERSAL (4 P\u00c7S)"},"content":{"rendered":"<p>Garanta a seguran\u00e7a e a performance do seu ve\u00edculo com a V\u00e1lvula para Sensor TPMS Universal \u2013 qualidade, precis\u00e3o e durabilidade em cada detalhe!<\/p>\n","protected":false},"excerpt":{"rendered":"<p><strong>V\u00e1lvula para Sensor TPMS Universal<\/strong><\/p>\n<p>&#8211; Utilizada em rodas de liga leve e ferro que n\u00e3o utilizam c\u00e2mara e cont\u00eam sensor de press\u00e3o.<\/p>\n<p>&#8211; Esse sensor avisa no painel do ve\u00edculo qualquer altera\u00e7\u00e3o na press\u00e3o do pneu, para carros fabricados com esse opcional.<\/p>\n<p><strong>Especifica\u00e7\u00f5es:\u00a0<\/strong><\/p>\n<p>&#8211; Largura da base: \u00d8 19,4 mm<\/p>\n<p>&#8211; Largura acima da base: \u00d8 14,6 mm<\/p>\n<p>&#8211; Altura total: 52,2 mm<\/p>\n<p>&#8211; Vem com 4 pe\u00e7as<\/p>\n<p><strong>Observa\u00e7\u00f5es:\u00a0<\/strong><\/p>\n<p>&#8211; O corpo do sensor TPMS n\u00e3o est\u00e1 incluso neste an\u00fancio.<\/p>\n<p>&#8211; Para garantir qualidade e durabilidade, recomendamos o uso de pe\u00e7as genu\u00ednas.<\/p>\n<p>&#8211; Antes de efetuar a compra, tire todas as suas d\u00favidas no campo de perguntas.<\/p>\n<p>&#8211; Recomendamos que a instala\u00e7\u00e3o seja feita por um profissional especializado.<\/p>\n","protected":false},"featured_media":25299,"comment_status":"open","ping_status":"closed","template":"","meta":[],"product_cat":[653],"product_tag":[],"class_list":{"0":"post-25158","1":"product","2":"type-product","3":"status-publish","4":"has-post-thumbnail","6":"product_cat-adaptador","8":"first","9":"instock","10":"taxable","11":"shipping-taxable","12":"purchasable","13":"product-type-simple"},"_links":{"self":[{"href":"https:\/\/emblemax.com.br\/es\/wp-json\/wp\/v2\/product\/25158","targetHints":{"allow":["GET"]}}],"collection":[{"href":"https:\/\/emblemax.com.br\/es\/wp-json\/wp\/v2\/product"}],"about":[{"href":"https:\/\/emblemax.com.br\/es\/wp-json\/wp\/v2\/types\/product"}],"replies":[{"embeddable":true,"href":"https:\/\/emblemax.com.br\/es\/wp-json\/wp\/v2\/comments?post=25158"}],"wp:featuredmedia":[{"embeddable":true,"href":"https:\/\/emblemax.com.br\/es\/wp-json\/wp\/v2\/media\/25299"}],"wp:attachment":[{"href":"https:\/\/emblemax.com.br\/es\/wp-json\/wp\/v2\/media?parent=25158"}],"wp:term":[{"taxonomy":"product_cat","embeddable":true,"href":"https:\/\/emblemax.com.br\/es\/wp-json\/wp\/v2\/product_cat?post=25158"},{"taxonomy":"product_tag","embeddable":true,"href":"https:\/\/emblemax.com.br\/es\/wp-json\/wp\/v2\/product_tag?post=25158"}],"curies":[{"name":"wp","href":"https:\/\/api.w.org\/{rel}","templated":true}]}}