{"id":25498,"date":"2025-01-14T13:57:33","date_gmt":"2025-01-14T16:57:33","guid":{"rendered":"https:\/\/emblemax.com.br\/produto\/kit-paralama-coluna-alemanha-4-pecas\/"},"modified":"2025-11-10T11:04:21","modified_gmt":"2025-11-10T14:04:21","slug":"kit-paralama-coluna-alemanha-4-pecas","status":"publish","type":"product","link":"https:\/\/emblemax.com.br\/es\/produto\/kit-paralama-coluna-alemanha-4-pecas\/","title":{"rendered":"KIT EMBLEMA COLUNA \/PARALAMA ALEMANHA (4 PE\u00c7AS)"},"content":{"rendered":"<p>Kit Adesivo Paralama para Coluna de Carro<\/p>\n","protected":false},"excerpt":{"rendered":"<p><strong>Emblema para tampa traseira ou laterais Germany (4 unidades)<\/strong><\/p>\n<p>\u00a0<\/p>\n<p>Material: Alum\u00ednio de alto brilho<br \/>Fixa\u00e7\u00e3o: Dupla face VHB, j\u00e1 moldado atr\u00e1s do emblema<br \/>S\u00e9rie: Germany<\/p>\n<p><strong>Dimens\u00f5es:<\/strong><\/p>\n<p>Paralama 5 cm x 5 cm<br \/>Coluna Altura 1,5 cm Largura 4,0 cm<\/p>\n","protected":false},"featured_media":25495,"comment_status":"open","ping_status":"closed","template":"","meta":[],"product_cat":[732],"product_tag":[],"class_list":{"0":"post-25498","1":"product","2":"type-product","3":"status-publish","4":"has-post-thumbnail","6":"product_cat-kit-paralama-coluna","8":"first","9":"instock","10":"taxable","11":"shipping-taxable","12":"purchasable","13":"product-type-simple"},"_links":{"self":[{"href":"https:\/\/emblemax.com.br\/es\/wp-json\/wp\/v2\/product\/25498","targetHints":{"allow":["GET"]}}],"collection":[{"href":"https:\/\/emblemax.com.br\/es\/wp-json\/wp\/v2\/product"}],"about":[{"href":"https:\/\/emblemax.com.br\/es\/wp-json\/wp\/v2\/types\/product"}],"replies":[{"embeddable":true,"href":"https:\/\/emblemax.com.br\/es\/wp-json\/wp\/v2\/comments?post=25498"}],"wp:featuredmedia":[{"embeddable":true,"href":"https:\/\/emblemax.com.br\/es\/wp-json\/wp\/v2\/media\/25495"}],"wp:attachment":[{"href":"https:\/\/emblemax.com.br\/es\/wp-json\/wp\/v2\/media?parent=25498"}],"wp:term":[{"taxonomy":"product_cat","embeddable":true,"href":"https:\/\/emblemax.com.br\/es\/wp-json\/wp\/v2\/product_cat?post=25498"},{"taxonomy":"product_tag","embeddable":true,"href":"https:\/\/emblemax.com.br\/es\/wp-json\/wp\/v2\/product_tag?post=25498"}],"curies":[{"name":"wp","href":"https:\/\/api.w.org\/{rel}","templated":true}]}}