{"id":25536,"date":"2025-01-14T14:46:21","date_gmt":"2025-01-14T17:46:21","guid":{"rendered":"https:\/\/emblemax.com.br\/produto\/kit-grade-coluna-italia-3-pecas\/"},"modified":"2025-01-23T13:06:29","modified_gmt":"2025-01-23T16:06:29","slug":"kit-grade-coluna-italia-3-pecas","status":"publish","type":"product","link":"https:\/\/emblemax.com.br\/es\/produto\/kit-grade-coluna-italia-3-pecas\/","title":{"rendered":"KIT GRADE\/ COLUNA ITALIA (3 PE\u00c7AS)"},"content":{"rendered":"<p>Estilo para seu ve\u00edculo. F\u00e1cil aplica\u00e7\u00e3o, alta durabilidade e design moderno!<\/p>\n","protected":false},"excerpt":{"rendered":"<p><strong>Emblema Grade ITALIA<\/strong> \u2013\u00a0 Fabricado em ABS de alta qualidade, combina eleg\u00e2ncia, durabilidade e estilo para destacar seu ve\u00edculo.<\/p>\n<p><strong>Material de qualidade, durabilidade e beleza.<\/strong><br \/>\nGrade: ABS<br \/>\nRelevo: Alum\u00ednio<br \/>\nTinta: Ep\u00f3xi<br \/>\nFita: Dupla Face<\/p>\n<p><strong>Itens Inclusos:<\/strong><\/p>\n<p>01 Unidade &#8211; Etiqueta em Alum\u00ednio com Suporte em ABS<br \/>\n02 Unidade &#8211; Emblema em Alum\u00ednio com Relevo It\u00e1lia<\/p>\n","protected":false},"featured_media":25533,"comment_status":"open","ping_status":"closed","template":"","meta":[],"product_cat":[733],"product_tag":[],"class_list":{"0":"post-25536","1":"product","2":"type-product","3":"status-publish","4":"has-post-thumbnail","6":"product_cat-kit-grade-coluna","8":"first","9":"instock","10":"taxable","11":"shipping-taxable","12":"purchasable","13":"product-type-simple"},"_links":{"self":[{"href":"https:\/\/emblemax.com.br\/es\/wp-json\/wp\/v2\/product\/25536","targetHints":{"allow":["GET"]}}],"collection":[{"href":"https:\/\/emblemax.com.br\/es\/wp-json\/wp\/v2\/product"}],"about":[{"href":"https:\/\/emblemax.com.br\/es\/wp-json\/wp\/v2\/types\/product"}],"replies":[{"embeddable":true,"href":"https:\/\/emblemax.com.br\/es\/wp-json\/wp\/v2\/comments?post=25536"}],"wp:featuredmedia":[{"embeddable":true,"href":"https:\/\/emblemax.com.br\/es\/wp-json\/wp\/v2\/media\/25533"}],"wp:attachment":[{"href":"https:\/\/emblemax.com.br\/es\/wp-json\/wp\/v2\/media?parent=25536"}],"wp:term":[{"taxonomy":"product_cat","embeddable":true,"href":"https:\/\/emblemax.com.br\/es\/wp-json\/wp\/v2\/product_cat?post=25536"},{"taxonomy":"product_tag","embeddable":true,"href":"https:\/\/emblemax.com.br\/es\/wp-json\/wp\/v2\/product_tag?post=25536"}],"curies":[{"name":"wp","href":"https:\/\/api.w.org\/{rel}","templated":true}]}}