{"id":26646,"date":"2025-01-24T09:34:51","date_gmt":"2025-01-24T12:34:51","guid":{"rendered":"https:\/\/emblemax.com.br\/produto\/adesivo-bandeira-do-brasil\/"},"modified":"2025-01-24T10:00:10","modified_gmt":"2025-01-24T13:00:10","slug":"adesivo-bandeira-do-brasil","status":"publish","type":"product","link":"https:\/\/emblemax.com.br\/es\/produto\/adesivo-bandeira-do-brasil\/","title":{"rendered":"ADESIVO BANDEIRA DO BRASIL"},"content":{"rendered":"<p>Adesivo bandeira do Brasil, perfeito para decorar objetos ou superf\u00edcies lisas. Dur\u00e1vel, resistente e com acabamento impec\u00e1vel, valorizando sua conex\u00e3o e paix\u00e3o pelo Brasil em cada detalhe.<\/p>\n","protected":false},"excerpt":{"rendered":"<p>Adesivo Bandeira do Brasil 7,5 x 4,8 cm:<\/p>\n<ul>\n<li><strong>Alta qualidade<\/strong><\/li>\n<li><strong>Super resistente<\/strong><\/li>\n<li><strong>Impress\u00e3o digital de alta precis\u00e3o<\/strong><\/li>\n<li><strong>\u00c0 prova d\u2019\u00e1gua<\/strong><\/li>\n<\/ul>\n<p>Perfeito para decorar superf\u00edcies lisas com estilo, durabilidade e eleg\u00e2ncia.<\/p>\n","protected":false},"featured_media":26643,"comment_status":"open","ping_status":"closed","template":"","meta":[],"product_cat":[738],"product_tag":[],"class_list":{"0":"post-26646","1":"product","2":"type-product","3":"status-publish","4":"has-post-thumbnail","6":"product_cat-adeviso-bandeira","8":"first","9":"instock","10":"taxable","11":"shipping-taxable","12":"purchasable","13":"product-type-simple"},"_links":{"self":[{"href":"https:\/\/emblemax.com.br\/es\/wp-json\/wp\/v2\/product\/26646","targetHints":{"allow":["GET"]}}],"collection":[{"href":"https:\/\/emblemax.com.br\/es\/wp-json\/wp\/v2\/product"}],"about":[{"href":"https:\/\/emblemax.com.br\/es\/wp-json\/wp\/v2\/types\/product"}],"replies":[{"embeddable":true,"href":"https:\/\/emblemax.com.br\/es\/wp-json\/wp\/v2\/comments?post=26646"}],"wp:featuredmedia":[{"embeddable":true,"href":"https:\/\/emblemax.com.br\/es\/wp-json\/wp\/v2\/media\/26643"}],"wp:attachment":[{"href":"https:\/\/emblemax.com.br\/es\/wp-json\/wp\/v2\/media?parent=26646"}],"wp:term":[{"taxonomy":"product_cat","embeddable":true,"href":"https:\/\/emblemax.com.br\/es\/wp-json\/wp\/v2\/product_cat?post=26646"},{"taxonomy":"product_tag","embeddable":true,"href":"https:\/\/emblemax.com.br\/es\/wp-json\/wp\/v2\/product_tag?post=26646"}],"curies":[{"name":"wp","href":"https:\/\/api.w.org\/{rel}","templated":true}]}}