{"id":27218,"date":"2025-01-30T14:50:17","date_gmt":"2025-01-30T17:50:17","guid":{"rendered":"https:\/\/emblemax.com.br\/produto\/kit-prisioneiro-traseiro-ranger-4x2-4x4-4-pcs-2\/"},"modified":"2025-02-04T17:29:23","modified_gmt":"2025-02-04T20:29:23","slug":"kit-prisioneiro-traseiro-ranger-4x2-4x4-4-pcs-2","status":"publish","type":"product","link":"https:\/\/emblemax.com.br\/es\/produto\/kit-prisioneiro-traseiro-ranger-4x2-4x4-4-pcs-2\/","title":{"rendered":"KIT PRISIONEIRO TRASEIRO RANGER 4X2 \/ 4X4 (4 P\u00c7S)"},"content":{"rendered":"<p>Este kit completo \u00e9 ideal para a troca ou reposi\u00e7\u00e3o dos prisioneiros e porcas em ve\u00edculoS, garantindo a seguran\u00e7a e o bom desempenho da suspens\u00e3o. Composto por 4 prisioneiros e 4 porcas.<\/p>\n","protected":false},"excerpt":{"rendered":"<p>Especifica\u00e7\u00f5es do Produto:<\/p>\n<p>\u00a0<\/p>\n<p>&#8211;\u00a0<strong>Prisioneiros:<\/strong>\u00a0Traseiro\u00a0Ranger 4X2 \/ 4X4<\/p>\n<p>&#8211;\u00a0<strong>Porcas:<\/strong>\u00a0F1000<\/p>\n<p>&#8211; Bitola: 1\/2\u00a0<\/p>\n<p>&#8211; Rosca: 20UNF\u00a0\u00a0<\/p>\n<p>&#8211; Comprimento Total: 25MM\u00a0<\/p>\n<p>&#8211; Comprimento Rosca: 25MM<\/p>\n<p>&#8211; Chave: 21mm<\/p>\n<p>&#8211; Acabamento: Zincada \/Vazada<\/p>\n<p>\u00a0<\/p>\n<p><strong>Conte\u00fado da Embalagem:<\/strong><\/p>\n<p>&#8211; 4 Prisioneiros<\/p>\n<p>&#8211; 4 Porcas<\/p>\n","protected":false},"featured_media":27215,"comment_status":"open","ping_status":"closed","template":"","meta":[],"product_cat":[681,680],"product_tag":[],"class_list":{"0":"post-27218","1":"product","2":"type-product","3":"status-publish","4":"has-post-thumbnail","6":"product_cat-kits-prisioneiros","7":"product_cat-prisioneiro","9":"first","10":"instock","11":"taxable","12":"shipping-taxable","13":"purchasable","14":"product-type-simple"},"_links":{"self":[{"href":"https:\/\/emblemax.com.br\/es\/wp-json\/wp\/v2\/product\/27218","targetHints":{"allow":["GET"]}}],"collection":[{"href":"https:\/\/emblemax.com.br\/es\/wp-json\/wp\/v2\/product"}],"about":[{"href":"https:\/\/emblemax.com.br\/es\/wp-json\/wp\/v2\/types\/product"}],"replies":[{"embeddable":true,"href":"https:\/\/emblemax.com.br\/es\/wp-json\/wp\/v2\/comments?post=27218"}],"wp:featuredmedia":[{"embeddable":true,"href":"https:\/\/emblemax.com.br\/es\/wp-json\/wp\/v2\/media\/27215"}],"wp:attachment":[{"href":"https:\/\/emblemax.com.br\/es\/wp-json\/wp\/v2\/media?parent=27218"}],"wp:term":[{"taxonomy":"product_cat","embeddable":true,"href":"https:\/\/emblemax.com.br\/es\/wp-json\/wp\/v2\/product_cat?post=27218"},{"taxonomy":"product_tag","embeddable":true,"href":"https:\/\/emblemax.com.br\/es\/wp-json\/wp\/v2\/product_tag?post=27218"}],"curies":[{"name":"wp","href":"https:\/\/api.w.org\/{rel}","templated":true}]}}