{"id":27549,"date":"2025-01-30T14:53:42","date_gmt":"2025-01-30T17:53:42","guid":{"rendered":"https:\/\/emblemax.com.br\/produto\/kit-prisioneiro-traseiro-kombi-cliper-4-pcs-2\/"},"modified":"2025-01-31T08:52:03","modified_gmt":"2025-01-31T11:52:03","slug":"kit-prisioneiro-traseiro-kombi-cliper-4-pcs-2","status":"publish","type":"product","link":"https:\/\/emblemax.com.br\/es\/produto\/kit-prisioneiro-traseiro-kombi-cliper-4-pcs-2\/","title":{"rendered":"KIT PRISIONEIRO TRASEIRO KOMBI CLIPER  (4 P\u00c7S)"},"content":{"rendered":"<p>Este kit completo \u00e9 ideal para a troca ou reposi\u00e7\u00e3o dos prisioneiros e porcas em ve\u00edculoS, garantindo a seguran\u00e7a e o bom desempenho da suspens\u00e3o. Composto por 4 prisioneiros e 4 porcas.<\/p>\n<p>\u00a0<\/p>\n","protected":false},"excerpt":{"rendered":"<p>Especifica\u00e7\u00f5es do Produto:<\/p>\n<p>\u00a0<\/p>\n<p>&#8211; <strong>Prisioneiros:<\/strong> Traseiro Kombi Cliper\u00a0<\/p>\n<p>&#8211; <strong>Porcas:<\/strong>\u00a0Kombi \/ EDGE \/ 2014\u00a0Mustang<\/p>\n<p>&#8211; Bitola: M14\u00a0\u00a0<\/p>\n<p>&#8211; Rosca: 1.50<\/p>\n<p>&#8211; Comprimento Total: 35mm<\/p>\n<p>&#8211; Comprimento da Rosca: 30mm<\/p>\n<p>&#8211; Chave: 19mm<\/p>\n<p>&#8211; Acabamento: Cromado<\/p>\n<p>\u00a0<\/p>\n<p><strong>Conte\u00fado da Embalagem:<\/strong><\/p>\n<p>&#8211; 4 Prisioneiros<\/p>\n<p>&#8211; 4 Porcas<\/p>\n","protected":false},"featured_media":27546,"comment_status":"open","ping_status":"closed","template":"","meta":[],"product_cat":[681,680],"product_tag":[],"class_list":{"0":"post-27549","1":"product","2":"type-product","3":"status-publish","4":"has-post-thumbnail","6":"product_cat-kits-prisioneiros","7":"product_cat-prisioneiro","9":"first","10":"instock","11":"taxable","12":"shipping-taxable","13":"purchasable","14":"product-type-simple"},"_links":{"self":[{"href":"https:\/\/emblemax.com.br\/es\/wp-json\/wp\/v2\/product\/27549","targetHints":{"allow":["GET"]}}],"collection":[{"href":"https:\/\/emblemax.com.br\/es\/wp-json\/wp\/v2\/product"}],"about":[{"href":"https:\/\/emblemax.com.br\/es\/wp-json\/wp\/v2\/types\/product"}],"replies":[{"embeddable":true,"href":"https:\/\/emblemax.com.br\/es\/wp-json\/wp\/v2\/comments?post=27549"}],"wp:featuredmedia":[{"embeddable":true,"href":"https:\/\/emblemax.com.br\/es\/wp-json\/wp\/v2\/media\/27546"}],"wp:attachment":[{"href":"https:\/\/emblemax.com.br\/es\/wp-json\/wp\/v2\/media?parent=27549"}],"wp:term":[{"taxonomy":"product_cat","embeddable":true,"href":"https:\/\/emblemax.com.br\/es\/wp-json\/wp\/v2\/product_cat?post=27549"},{"taxonomy":"product_tag","embeddable":true,"href":"https:\/\/emblemax.com.br\/es\/wp-json\/wp\/v2\/product_tag?post=27549"}],"curies":[{"name":"wp","href":"https:\/\/api.w.org\/{rel}","templated":true}]}}