{"id":27644,"date":"2025-01-31T09:22:03","date_gmt":"2025-01-31T12:22:03","guid":{"rendered":"https:\/\/emblemax.com.br\/produto\/kit-prisioneiro-dia-tra-opala-chevette-d20-4-pcs-4\/"},"modified":"2025-02-03T17:56:50","modified_gmt":"2025-02-03T20:56:50","slug":"kit-prisioneiro-dia-tra-opala-chevette-d20-4-pcs-4","status":"publish","type":"product","link":"https:\/\/emblemax.com.br\/es\/produto\/kit-prisioneiro-dia-tra-opala-chevette-d20-4-pcs-4\/","title":{"rendered":"KIT PRISIONEIRO DIA\/TRA OPALA \/ CHEVETTE \/ D20 (4 P\u00c7S)"},"content":{"rendered":"<p>Este kit completo \u00e9 ideal para a troca ou reposi\u00e7\u00e3o dos prisioneiros e porcas em ve\u00edculoS, garantindo a seguran\u00e7a e o bom desempenho da suspens\u00e3o. Composto por 4 prisioneiros e 4 porcas.<\/p>\n","protected":false},"excerpt":{"rendered":"<p>Especifica\u00e7\u00f5es do Produto:<\/p>\n<p>\u00a0<\/p>\n<p>&#8211;\u00a0<strong>Prisioneiros:<\/strong>\u00a0Dianteiro e Traseiro\u00a0Opala \/ Chevette \/ D20<\/p>\n<p>&#8211;\u00a0<strong>Porcas:\u00a0<\/strong>Vazada Ford \/GM \/ Volkswagen \/Honda \/ Chery \/\u00a0Mitsubishi<\/p>\n<p>&#8211; Bitola: M12\u00a0\u00a0<\/p>\n<p>&#8211; Rosca: 1.50mm\u00a0\u00a0<\/p>\n<p>&#8211; Comprimento Total: 23MM\u00a0<\/p>\n<p>&#8211; Comprimento Rosca 23MM\u00a0<\/p>\n<p>&#8211; Chave: 19mm<\/p>\n<p>&#8211; Acabamento: Zincada<\/p>\n<p>\u00a0<\/p>\n<p><strong>Conte\u00fado da Embalagem:<\/strong><\/p>\n<p>&#8211; 4 Prisioneiros<\/p>\n<p>&#8211; 4 Porcas<\/p>\n","protected":false},"featured_media":27641,"comment_status":"open","ping_status":"closed","template":"","meta":[],"product_cat":[681,680],"product_tag":[],"class_list":{"0":"post-27644","1":"product","2":"type-product","3":"status-publish","4":"has-post-thumbnail","6":"product_cat-kits-prisioneiros","7":"product_cat-prisioneiro","9":"first","10":"instock","11":"taxable","12":"shipping-taxable","13":"purchasable","14":"product-type-simple"},"_links":{"self":[{"href":"https:\/\/emblemax.com.br\/es\/wp-json\/wp\/v2\/product\/27644","targetHints":{"allow":["GET"]}}],"collection":[{"href":"https:\/\/emblemax.com.br\/es\/wp-json\/wp\/v2\/product"}],"about":[{"href":"https:\/\/emblemax.com.br\/es\/wp-json\/wp\/v2\/types\/product"}],"replies":[{"embeddable":true,"href":"https:\/\/emblemax.com.br\/es\/wp-json\/wp\/v2\/comments?post=27644"}],"wp:featuredmedia":[{"embeddable":true,"href":"https:\/\/emblemax.com.br\/es\/wp-json\/wp\/v2\/media\/27641"}],"wp:attachment":[{"href":"https:\/\/emblemax.com.br\/es\/wp-json\/wp\/v2\/media?parent=27644"}],"wp:term":[{"taxonomy":"product_cat","embeddable":true,"href":"https:\/\/emblemax.com.br\/es\/wp-json\/wp\/v2\/product_cat?post=27644"},{"taxonomy":"product_tag","embeddable":true,"href":"https:\/\/emblemax.com.br\/es\/wp-json\/wp\/v2\/product_tag?post=27644"}],"curies":[{"name":"wp","href":"https:\/\/api.w.org\/{rel}","templated":true}]}}