{"id":28107,"date":"2025-04-10T16:33:19","date_gmt":"2025-04-10T19:33:19","guid":{"rendered":"https:\/\/emblemax.com.br\/produto\/kit-porca-hd-gm-fd-vw-chy-ch19-m12x15-4-pcs\/"},"modified":"2025-04-10T16:48:51","modified_gmt":"2025-04-10T19:48:51","slug":"kit-porca-hd-gm-fd-vw-chy-ch19-m12x15-4-pcs","status":"publish","type":"product","link":"https:\/\/emblemax.com.br\/es\/produto\/kit-porca-hd-gm-fd-vw-chy-ch19-m12x15-4-pcs\/","title":{"rendered":"KIT PORCA HD\/GM\/FD\/VW\/CHY. CH19 M12X1,5 (4 P\u00c7S)"},"content":{"rendered":"<p>Este kit completo \u00e9 ideal para a troca ou reposi\u00e7\u00e3o das porcas em ve\u00edculos, garantindo a seguran\u00e7a e o bom desempenho da suspens\u00e3o. Composto por 4 porcas.<\/p>\n","protected":false},"excerpt":{"rendered":"<p><strong>Especifica\u00e7\u00f5es do Produto:<\/strong><\/p>\n<p>\u00a0<\/p>\n<p>&#8211;\u00a0<strong>Porca<\/strong><\/p>\n<p>&#8211; Aplica\u00e7\u00e3o: Chevette \/ Chevy \/ Maraj\u00f3 \/ Cobalt \/ Aveo \/ Logus \/ Pointer \/ Blazer \/ Caravan \/ Opala \/ S10 \/ Cruze \/ Malibu \/ Sonic \/ Spin \/ Trailblazer \/ Captiva \/ Mondeo \/ D-20 \/ Silverado<\/p>\n<p>&#8211; Bitola: M12<\/p>\n<p>&#8211; Rosca: 1.5MM\u00a0<\/p>\n<p>&#8211; Comprimento Total: 30mm<\/p>\n<p>&#8211; Comprimento Rosca: 35mm<\/p>\n<p>&#8211; Chave: 19mm<\/p>\n<p>&#8211; Acabamento: Cromada \/ C\u00f4nico<\/p>\n<p>\u00a0<\/p>\n<p><strong>Conte\u00fado da Embalagem:<\/strong><\/p>\n<p class=\"cvGsUA direction-ltr align-start para-style-body\" style=\"font-family: 'YAFdJt8dAY0 0', _fb_, auto;--cyv3zq: 13.3333px;--gjplxq: 1.4;line-height: 18px\">\u00a0<\/p>\n<p>&#8211; 4 Porcas<\/p>\n","protected":false},"featured_media":28104,"comment_status":"open","ping_status":"closed","template":"","meta":[],"product_cat":[719,714],"product_tag":[],"class_list":{"0":"post-28107","1":"product","2":"type-product","3":"status-publish","4":"has-post-thumbnail","6":"product_cat-kit-porcas","7":"product_cat-porcas","9":"first","10":"instock","11":"taxable","12":"shipping-taxable","13":"purchasable","14":"product-type-simple"},"_links":{"self":[{"href":"https:\/\/emblemax.com.br\/es\/wp-json\/wp\/v2\/product\/28107","targetHints":{"allow":["GET"]}}],"collection":[{"href":"https:\/\/emblemax.com.br\/es\/wp-json\/wp\/v2\/product"}],"about":[{"href":"https:\/\/emblemax.com.br\/es\/wp-json\/wp\/v2\/types\/product"}],"replies":[{"embeddable":true,"href":"https:\/\/emblemax.com.br\/es\/wp-json\/wp\/v2\/comments?post=28107"}],"wp:featuredmedia":[{"embeddable":true,"href":"https:\/\/emblemax.com.br\/es\/wp-json\/wp\/v2\/media\/28104"}],"wp:attachment":[{"href":"https:\/\/emblemax.com.br\/es\/wp-json\/wp\/v2\/media?parent=28107"}],"wp:term":[{"taxonomy":"product_cat","embeddable":true,"href":"https:\/\/emblemax.com.br\/es\/wp-json\/wp\/v2\/product_cat?post=28107"},{"taxonomy":"product_tag","embeddable":true,"href":"https:\/\/emblemax.com.br\/es\/wp-json\/wp\/v2\/product_tag?post=28107"}],"curies":[{"name":"wp","href":"https:\/\/api.w.org\/{rel}","templated":true}]}}