{"id":28120,"date":"2025-04-10T16:33:27","date_gmt":"2025-04-10T19:33:27","guid":{"rendered":"https:\/\/emblemax.com.br\/produto\/kit-porca-vaz-fd-szk-sb-ch19-m12x125-4-pcs\/"},"modified":"2026-03-09T11:44:37","modified_gmt":"2026-03-09T14:44:37","slug":"kit-porca-vaz-fd-szk-sb-ch19-m12x125-4-pcs","status":"publish","type":"product","link":"https:\/\/emblemax.com.br\/es\/produto\/kit-porca-vaz-fd-szk-sb-ch19-m12x125-4-pcs\/","title":{"rendered":"KIT PORCA VAZ. FD\/SZK\/SB CH19 M12X1,25 (4 P\u00c7S)"},"content":{"rendered":"<p>Este kit completo \u00e9 ideal para a troca ou reposi\u00e7\u00e3o das porcas em ve\u00edculos, garantindo a seguran\u00e7a e o bom desempenho da suspens\u00e3o. Composto por 4 porcas.<\/p>\n","protected":false},"excerpt":{"rendered":"<p><strong>Especifica\u00e7\u00f5es do Produto:<\/strong><\/p>\n<p>\u00a0<\/p>\n<p>&#8211;\u00a0<strong>Porca:\u00a0<\/strong>Ford<\/p>\n<p>&#8211; Aplica\u00e7\u00e3o: Ford \/ GM \/ Volks \/ Honda \/ Chery \/ Mitsubishi<\/p>\n<p>&#8211; Bitola: M12<\/p>\n<p>&#8211; Rosca: 1.25MM\u00a0<\/p>\n<p>&#8211; Comprimento Total: mm<\/p>\n<p>&#8211; Comprimento Rosca: mm<\/p>\n<p>&#8211; Chave: 19mm<\/p>\n<p>&#8211; Acabamento: Zincada \/ Vazada<\/p>\n<p>\u00a0<\/p>\n<p><strong>Conte\u00fado da Embalagem:<\/strong><\/p>\n<p>&#8211; 4 Porcas<\/p>\n","protected":false},"featured_media":28117,"comment_status":"open","ping_status":"closed","template":"","meta":[],"product_cat":[719,714],"product_tag":[],"class_list":{"0":"post-28120","1":"product","2":"type-product","3":"status-publish","4":"has-post-thumbnail","6":"product_cat-kit-porcas","7":"product_cat-porcas","9":"first","10":"instock","11":"taxable","12":"shipping-taxable","13":"purchasable","14":"product-type-simple"},"_links":{"self":[{"href":"https:\/\/emblemax.com.br\/es\/wp-json\/wp\/v2\/product\/28120","targetHints":{"allow":["GET"]}}],"collection":[{"href":"https:\/\/emblemax.com.br\/es\/wp-json\/wp\/v2\/product"}],"about":[{"href":"https:\/\/emblemax.com.br\/es\/wp-json\/wp\/v2\/types\/product"}],"replies":[{"embeddable":true,"href":"https:\/\/emblemax.com.br\/es\/wp-json\/wp\/v2\/comments?post=28120"}],"wp:featuredmedia":[{"embeddable":true,"href":"https:\/\/emblemax.com.br\/es\/wp-json\/wp\/v2\/media\/28117"}],"wp:attachment":[{"href":"https:\/\/emblemax.com.br\/es\/wp-json\/wp\/v2\/media?parent=28120"}],"wp:term":[{"taxonomy":"product_cat","embeddable":true,"href":"https:\/\/emblemax.com.br\/es\/wp-json\/wp\/v2\/product_cat?post=28120"},{"taxonomy":"product_tag","embeddable":true,"href":"https:\/\/emblemax.com.br\/es\/wp-json\/wp\/v2\/product_tag?post=28120"}],"curies":[{"name":"wp","href":"https:\/\/api.w.org\/{rel}","templated":true}]}}