{"id":28364,"date":"2025-04-10T17:04:58","date_gmt":"2025-04-10T20:04:58","guid":{"rendered":"https:\/\/emblemax.com.br\/produto\/kit-parafuso-bras-fsc-kombi-4-furos-ch19-m14x15-4-pcs\/"},"modified":"2025-04-10T17:15:25","modified_gmt":"2025-04-10T20:15:25","slug":"kit-parafuso-bras-fsc-kombi-4-furos-ch19-m14x15-4-pcs","status":"publish","type":"product","link":"https:\/\/emblemax.com.br\/es\/produto\/kit-parafuso-bras-fsc-kombi-4-furos-ch19-m14x15-4-pcs\/","title":{"rendered":"KIT PARAFUSO BRAS\/FSC\/KOMBI 4 FUROS CH19 M14X1,5 (4 P\u00c7S)"},"content":{"rendered":"<p>Este kit completo \u00e9 ideal para a troca ou reposi\u00e7\u00e3o dos parafusos em ve\u00edculos, garantindo a seguran\u00e7a e o bom desempenho da suspens\u00e3o. Composto por 4 parafusos.<\/p>\n","protected":false},"excerpt":{"rendered":"<p><strong>Especifica\u00e7\u00f5es do Produto:<\/strong><\/p>\n<p>\u00a0<\/p>\n<p>&#8211;\u00a0<strong>Parafuso: <\/strong>Volks<\/p>\n<p>&#8211; Aplica\u00e7\u00e3o: Brasilia \/ Fusca \/ Kombi<\/p>\n<p>&#8211; Bitola: M14<\/p>\n<p>&#8211; Rosca: 1.5MM\u00a0<\/p>\n<p>&#8211; Comprimento Total: 37mm<\/p>\n<p>&#8211; Comprimento Rosca: 19mm<\/p>\n<p>&#8211; Chave: 19mm<\/p>\n<p>&#8211; Acabamento: Zincado<\/p>\n<p>\u00a0<\/p>\n<p><strong>Conte\u00fado da Embalagem:<\/strong><\/p>\n<p>&#8211; 4 Porcas<\/p>\n","protected":false},"featured_media":28361,"comment_status":"open","ping_status":"closed","template":"","meta":[],"product_cat":[720,714],"product_tag":[],"class_list":{"0":"post-28364","1":"product","2":"type-product","3":"status-publish","4":"has-post-thumbnail","6":"product_cat-kit-parafusos","7":"product_cat-porcas","9":"first","10":"instock","11":"taxable","12":"shipping-taxable","13":"purchasable","14":"product-type-simple"},"_links":{"self":[{"href":"https:\/\/emblemax.com.br\/es\/wp-json\/wp\/v2\/product\/28364","targetHints":{"allow":["GET"]}}],"collection":[{"href":"https:\/\/emblemax.com.br\/es\/wp-json\/wp\/v2\/product"}],"about":[{"href":"https:\/\/emblemax.com.br\/es\/wp-json\/wp\/v2\/types\/product"}],"replies":[{"embeddable":true,"href":"https:\/\/emblemax.com.br\/es\/wp-json\/wp\/v2\/comments?post=28364"}],"wp:featuredmedia":[{"embeddable":true,"href":"https:\/\/emblemax.com.br\/es\/wp-json\/wp\/v2\/media\/28361"}],"wp:attachment":[{"href":"https:\/\/emblemax.com.br\/es\/wp-json\/wp\/v2\/media?parent=28364"}],"wp:term":[{"taxonomy":"product_cat","embeddable":true,"href":"https:\/\/emblemax.com.br\/es\/wp-json\/wp\/v2\/product_cat?post=28364"},{"taxonomy":"product_tag","embeddable":true,"href":"https:\/\/emblemax.com.br\/es\/wp-json\/wp\/v2\/product_tag?post=28364"}],"curies":[{"name":"wp","href":"https:\/\/api.w.org\/{rel}","templated":true}]}}