{"id":28873,"date":"2025-09-05T09:17:38","date_gmt":"2025-09-05T12:17:38","guid":{"rendered":"https:\/\/emblemax.com.br\/produto\/parafuso-para-roda-black-multi-hiperlongo-5-pcs\/"},"modified":"2025-09-05T09:35:15","modified_gmt":"2025-09-05T12:35:15","slug":"parafuso-para-roda-black-multi-hiperlongo-5-pcs","status":"publish","type":"product","link":"https:\/\/emblemax.com.br\/es\/produto\/parafuso-para-roda-black-multi-hiperlongo-5-pcs\/","title":{"rendered":"PARAFUSO PARA RODA BLACK. MULTI HIPERLONGO (5 PCS)"},"content":{"rendered":"<p>Transforme a performance do seu carro com nosso parafuso, projetado para garantir uma fixa\u00e7\u00e3o segura e eficaz nas rodas, proporcionando estabilidade e seguran\u00e7a em cada viagem.<\/p>\n","protected":false},"excerpt":{"rendered":"<p><strong data-start=\"72\" data-end=\"102\">Especifica\u00e7\u00f5es do Produto:<\/strong><br data-start=\"102\" data-end=\"105\" \/><strong data-start=\"108\" data-end=\"119\"><br \/>Bitola:<\/strong> M12<br data-start=\"123\" data-end=\"126\" \/><strong data-start=\"129\" data-end=\"139\">Rosca:<\/strong> 1,50 mm<br data-start=\"147\" data-end=\"150\" \/><strong data-start=\"153\" data-end=\"175\">Comprimento total:<\/strong> 77 mm<br data-start=\"181\" data-end=\"184\" \/><strong data-start=\"187\" data-end=\"212\">Comprimento da rosca:<\/strong> 50 mm<br data-start=\"218\" data-end=\"221\" \/><strong data-start=\"224\" data-end=\"234\">Chave:<\/strong> 17<br data-start=\"237\" data-end=\"240\" \/><strong data-start=\"243\" data-end=\"258\">Acabamento:<\/strong> Black (preto)<br data-start=\"272\" data-end=\"275\" \/><strong data-start=\"278\" data-end=\"291\">Conte\u00fado:<\/strong> Jogo com 5 pe\u00e7as<\/p>\n<p><strong>ATEN\u00c7\u00c3O:<\/strong><\/p>\n<p>Esses parafusos s\u00e3o espec\u00edficos para serem utilizados junto com os espa\u00e7adores, devido ao seu comprimento.<\/p>\n<p>Espa\u00e7adores: 10500 6 &#8211; 10500 7 &#8211; 10500 8 &#8211; 10500 9 &#8211; 10500 10 &#8211; 10500 11<\/p>\n<p>PARAFUSO CONICO &#8211; M12X1.50 &#8211; CHAVE 17MM &#8211; 5 PE\u00c7AS &#8211; PARA GOL \/ VOYAGE \/ SANTANA \/ PARATI \/ QUANTUM \/ CELTA \/ CORSA \/ TIGRA \/ ASTRA \/ PRISMA \/ CLASSIC<\/p>\n","protected":false},"featured_media":28870,"comment_status":"open","ping_status":"closed","template":"","meta":[],"product_cat":[722,714],"product_tag":[],"class_list":{"0":"post-28873","1":"product","2":"type-product","3":"status-publish","4":"has-post-thumbnail","6":"product_cat-parafusos-black","7":"product_cat-porcas","9":"first","10":"instock","11":"taxable","12":"shipping-taxable","13":"purchasable","14":"product-type-simple"},"_links":{"self":[{"href":"https:\/\/emblemax.com.br\/es\/wp-json\/wp\/v2\/product\/28873","targetHints":{"allow":["GET"]}}],"collection":[{"href":"https:\/\/emblemax.com.br\/es\/wp-json\/wp\/v2\/product"}],"about":[{"href":"https:\/\/emblemax.com.br\/es\/wp-json\/wp\/v2\/types\/product"}],"replies":[{"embeddable":true,"href":"https:\/\/emblemax.com.br\/es\/wp-json\/wp\/v2\/comments?post=28873"}],"wp:featuredmedia":[{"embeddable":true,"href":"https:\/\/emblemax.com.br\/es\/wp-json\/wp\/v2\/media\/28870"}],"wp:attachment":[{"href":"https:\/\/emblemax.com.br\/es\/wp-json\/wp\/v2\/media?parent=28873"}],"wp:term":[{"taxonomy":"product_cat","embeddable":true,"href":"https:\/\/emblemax.com.br\/es\/wp-json\/wp\/v2\/product_cat?post=28873"},{"taxonomy":"product_tag","embeddable":true,"href":"https:\/\/emblemax.com.br\/es\/wp-json\/wp\/v2\/product_tag?post=28873"}],"curies":[{"name":"wp","href":"https:\/\/api.w.org\/{rel}","templated":true}]}}