{"id":28892,"date":"2025-09-05T09:17:50","date_gmt":"2025-09-05T12:17:50","guid":{"rendered":"https:\/\/emblemax.com.br\/produto\/parafuso-para-roda-crom-esf-superlongo-m14x1-5x45-5-pcs\/"},"modified":"2026-03-04T13:38:06","modified_gmt":"2026-03-04T16:38:06","slug":"parafuso-para-roda-crom-esf-superlongo-m14x1-5x45-5-pcs","status":"publish","type":"product","link":"https:\/\/emblemax.com.br\/es\/produto\/parafuso-para-roda-crom-esf-superlongo-m14x1-5x45-5-pcs\/","title":{"rendered":"PARAFUSO PARA RODA CROM. ESF. SUPERLONGO M14X1.5X45 (5 PCS)"},"content":{"rendered":"<p>Transforme a performance do seu carro com nosso parafuso, projetado para garantir uma fixa\u00e7\u00e3o segura e eficaz nas rodas, proporcionando estabilidade e seguran\u00e7a em cada viagem.<\/p>\n","protected":false},"excerpt":{"rendered":"<p><strong data-start=\"72\" data-end=\"102\">Especifica\u00e7\u00f5es do Produto:<\/strong><br data-start=\"102\" data-end=\"105\" \/><br data-start=\"98\" data-end=\"101\" \/><strong data-start=\"104\" data-end=\"115\">Bitola:<\/strong> M14<br data-start=\"119\" data-end=\"122\" \/><strong data-start=\"125\" data-end=\"135\">Rosca:<\/strong> 1,50 mm<br \/><strong data-start=\"149\" data-end=\"171\">Comprimento total:<\/strong> 63 mm<br data-start=\"177\" data-end=\"180\" \/><strong data-start=\"183\" data-end=\"208\">Comprimento da rosca:<\/strong> 45 mm<br data-start=\"214\" data-end=\"217\" \/><strong data-start=\"220\" data-end=\"230\">Chave:<\/strong> 17<br data-start=\"233\" data-end=\"236\" \/><strong data-start=\"238\" data-end=\"253\">Acabamento:<\/strong> Cromado<br \/><strong data-start=\"267\" data-end=\"281\">Embalagem:<\/strong> Jogo com 5 pe\u00e7as<\/p>\n<p><strong>ATEN\u00c7\u00c3O:<\/strong><\/p>\n<p>Esses parafusos s\u00e3o espec\u00edficos para serem utilizados junto com os espa\u00e7adores, devido ao seu comprimento.<\/p>\n<p>Espa\u00e7adores: 10500 6 &#8211; 10500 7 &#8211; 10500 8 &#8211; 10500 9<\/p>\n","protected":false},"featured_media":28889,"comment_status":"open","ping_status":"closed","template":"","meta":[],"product_cat":[723,714],"product_tag":[],"class_list":{"0":"post-28892","1":"product","2":"type-product","3":"status-publish","4":"has-post-thumbnail","6":"product_cat-parafusos-cromados","7":"product_cat-porcas","9":"first","10":"instock","11":"taxable","12":"shipping-taxable","13":"purchasable","14":"product-type-simple"},"_links":{"self":[{"href":"https:\/\/emblemax.com.br\/es\/wp-json\/wp\/v2\/product\/28892","targetHints":{"allow":["GET"]}}],"collection":[{"href":"https:\/\/emblemax.com.br\/es\/wp-json\/wp\/v2\/product"}],"about":[{"href":"https:\/\/emblemax.com.br\/es\/wp-json\/wp\/v2\/types\/product"}],"replies":[{"embeddable":true,"href":"https:\/\/emblemax.com.br\/es\/wp-json\/wp\/v2\/comments?post=28892"}],"wp:featuredmedia":[{"embeddable":true,"href":"https:\/\/emblemax.com.br\/es\/wp-json\/wp\/v2\/media\/28889"}],"wp:attachment":[{"href":"https:\/\/emblemax.com.br\/es\/wp-json\/wp\/v2\/media?parent=28892"}],"wp:term":[{"taxonomy":"product_cat","embeddable":true,"href":"https:\/\/emblemax.com.br\/es\/wp-json\/wp\/v2\/product_cat?post=28892"},{"taxonomy":"product_tag","embeddable":true,"href":"https:\/\/emblemax.com.br\/es\/wp-json\/wp\/v2\/product_tag?post=28892"}],"curies":[{"name":"wp","href":"https:\/\/api.w.org\/{rel}","templated":true}]}}