{"id":28933,"date":"2025-09-05T15:34:08","date_gmt":"2025-09-05T18:34:08","guid":{"rendered":"https:\/\/emblemax.com.br\/produto\/diver-toro-jeep-reng-ch-17-m12x125-20-pcs\/"},"modified":"2025-09-15T15:55:11","modified_gmt":"2025-09-15T18:55:11","slug":"diver-toro-jeep-reng-ch-17-m12x125-20-pcs","status":"publish","type":"product","link":"https:\/\/emblemax.com.br\/es\/produto\/diver-toro-jeep-reng-ch-17-m12x125-20-pcs\/","title":{"rendered":"DIVER. TORO\/JEEP RENG. CH 17 M12X1,25 (20 P\u00c7S)"},"content":{"rendered":"<p>Transforme a performance do seu carro com nosso parafuso, projetado para garantir uma fixa\u00e7\u00e3o segura e eficaz nas rodas, proporcionando estabilidade e seguran\u00e7a em cada viagem.<\/p>\n","protected":false},"excerpt":{"rendered":"<p><strong>Dsecri\u00e7\u00e3o do Produto:<\/strong><\/p>\n<p>Bitola: M12<br data-start=\"11\" data-end=\"14\" \/>Rosca: 1,25<br data-start=\"25\" data-end=\"28\" \/>Comprimento total: 51mm<br data-start=\"51\" data-end=\"54\" \/>Comprimento da rosca: 26mm<br data-start=\"80\" data-end=\"83\" \/>Chave: 17<br data-start=\"92\" data-end=\"95\" \/>Acabamento: Cromado<br data-start=\"114\" data-end=\"117\" \/>Jogo: 20 p\u00e7s<\/p>\n<p>Aplica\u00e7\u00e3o: JEEP COMPASS<\/p>\n","protected":false},"featured_media":28947,"comment_status":"open","ping_status":"closed","template":"","meta":[],"product_cat":[723,714],"product_tag":[],"class_list":{"0":"post-28933","1":"product","2":"type-product","3":"status-publish","4":"has-post-thumbnail","6":"product_cat-parafusos-cromados","7":"product_cat-porcas","9":"first","10":"instock","11":"taxable","12":"shipping-taxable","13":"purchasable","14":"product-type-simple"},"_links":{"self":[{"href":"https:\/\/emblemax.com.br\/es\/wp-json\/wp\/v2\/product\/28933","targetHints":{"allow":["GET"]}}],"collection":[{"href":"https:\/\/emblemax.com.br\/es\/wp-json\/wp\/v2\/product"}],"about":[{"href":"https:\/\/emblemax.com.br\/es\/wp-json\/wp\/v2\/types\/product"}],"replies":[{"embeddable":true,"href":"https:\/\/emblemax.com.br\/es\/wp-json\/wp\/v2\/comments?post=28933"}],"wp:featuredmedia":[{"embeddable":true,"href":"https:\/\/emblemax.com.br\/es\/wp-json\/wp\/v2\/media\/28947"}],"wp:attachment":[{"href":"https:\/\/emblemax.com.br\/es\/wp-json\/wp\/v2\/media?parent=28933"}],"wp:term":[{"taxonomy":"product_cat","embeddable":true,"href":"https:\/\/emblemax.com.br\/es\/wp-json\/wp\/v2\/product_cat?post=28933"},{"taxonomy":"product_tag","embeddable":true,"href":"https:\/\/emblemax.com.br\/es\/wp-json\/wp\/v2\/product_tag?post=28933"}],"curies":[{"name":"wp","href":"https:\/\/api.w.org\/{rel}","templated":true}]}}