{"id":29167,"date":"2025-12-01T15:10:38","date_gmt":"2025-12-01T18:10:38","guid":{"rendered":"https:\/\/emblemax.com.br\/produto\/kit-pris-rd-diant-l200-gl-gls-c-porca-2623-4-pcs\/"},"modified":"2025-12-01T15:10:42","modified_gmt":"2025-12-01T18:10:42","slug":"kit-pris-rd-diant-l200-gl-gls-c-porca-2623-4-pcs","status":"publish","type":"product","link":"https:\/\/emblemax.com.br\/es\/produto\/kit-pris-rd-diant-l200-gl-gls-c-porca-2623-4-pcs\/","title":{"rendered":"KIT PRIS. RD. DIANT. L200 GL\/GLS C\/ PORCA 2623 (4 P\u00c7S)"},"content":{"rendered":"<p>Este kit completo \u00e9 ideal para a troca ou reposi\u00e7\u00e3o dos prisioneiros e porcas em ve\u00edculoS, garantindo a seguran\u00e7a e o bom desempenho da suspens\u00e3o. Composto por 4 prisioneiros e 4 porcas.<\/p>\n","protected":false},"excerpt":{"rendered":"<p>Descri\u00e7\u00e3o do produto:<\/p>\n<p>\u00a0<\/p>\n<p>Medidas Aproximadas<\/p>\n<p>\u00a0<\/p>\n<p><strong>Prisioneiro<\/strong>:<\/p>\n<p>Bitola: M12<\/p>\n<p>Rosca: 1,50<\/p>\n<p>Comprimento total: 48mm<\/p>\n<p>Comprimento rosca: 22mm<\/p>\n<p>Acabamento: zincado<\/p>\n<p>Quantidade: 4 prisioneiros<\/p>\n<p>\u00a0<\/p>\n<p><strong>Porca<\/strong>:<\/p>\n<p>Bitola: M12<\/p>\n<p>Rosca: 1,50<\/p>\n<p>Comprimento total: 36mm<\/p>\n<p>Comprimento rosca: 34mm<\/p>\n<p>Chave: 21<\/p>\n<p>Acabamento: cromado<\/p>\n<p>Quantidade: 4 porcas<\/p>\n","protected":false},"featured_media":29164,"comment_status":"open","ping_status":"closed","template":"","meta":[],"product_cat":[681,680],"product_tag":[],"class_list":{"0":"post-29167","1":"product","2":"type-product","3":"status-publish","4":"has-post-thumbnail","6":"product_cat-kits-prisioneiros","7":"product_cat-prisioneiro","9":"first","10":"instock","11":"taxable","12":"shipping-taxable","13":"purchasable","14":"product-type-simple"},"_links":{"self":[{"href":"https:\/\/emblemax.com.br\/es\/wp-json\/wp\/v2\/product\/29167","targetHints":{"allow":["GET"]}}],"collection":[{"href":"https:\/\/emblemax.com.br\/es\/wp-json\/wp\/v2\/product"}],"about":[{"href":"https:\/\/emblemax.com.br\/es\/wp-json\/wp\/v2\/types\/product"}],"replies":[{"embeddable":true,"href":"https:\/\/emblemax.com.br\/es\/wp-json\/wp\/v2\/comments?post=29167"}],"wp:featuredmedia":[{"embeddable":true,"href":"https:\/\/emblemax.com.br\/es\/wp-json\/wp\/v2\/media\/29164"}],"wp:attachment":[{"href":"https:\/\/emblemax.com.br\/es\/wp-json\/wp\/v2\/media?parent=29167"}],"wp:term":[{"taxonomy":"product_cat","embeddable":true,"href":"https:\/\/emblemax.com.br\/es\/wp-json\/wp\/v2\/product_cat?post=29167"},{"taxonomy":"product_tag","embeddable":true,"href":"https:\/\/emblemax.com.br\/es\/wp-json\/wp\/v2\/product_tag?post=29167"}],"curies":[{"name":"wp","href":"https:\/\/api.w.org\/{rel}","templated":true}]}}