{"id":29196,"date":"2025-12-01T15:20:18","date_gmt":"2025-12-01T18:20:18","guid":{"rendered":"https:\/\/emblemax.com.br\/produto\/zincado-ft-castelinho-ch19-m12x125-16-pcs\/"},"modified":"2026-02-09T16:02:55","modified_gmt":"2026-02-09T19:02:55","slug":"zincado-ft-castelinho-ch19-m12x125-16-pcs","status":"publish","type":"product","link":"https:\/\/emblemax.com.br\/es\/produto\/zincado-ft-castelinho-ch19-m12x125-16-pcs\/","title":{"rendered":"ZINCADO FT CASTELINHO CH19 M12X1,25 (16 P\u00c7S)"},"content":{"rendered":"<p>Transforme a performance do seu carro com nosso parafuso, projetado para garantir uma fixa\u00e7\u00e3o segura e eficaz nas rodas, proporcionando estabilidade e seguran\u00e7a em cada viagem.<\/p>\n","protected":false},"excerpt":{"rendered":"<p>BITOLA: M12 <br \/>ROSCA 1,25 <br \/>COMPRIMENTO TOTAL: 47MM <br \/>COMPRIMENTO ROSCA 27MM <br \/>CHAVE: 19 <br \/>ACABAMENTO: ZINCADO <br \/>JOGO: 16 PE\u00c7AS<\/p>\n","protected":false},"featured_media":29197,"comment_status":"open","ping_status":"closed","template":"","meta":[],"product_cat":[740],"product_tag":[],"class_list":{"0":"post-29196","1":"product","2":"type-product","3":"status-publish","4":"has-post-thumbnail","6":"product_cat-73mm","8":"first","9":"instock","10":"taxable","11":"shipping-taxable","12":"purchasable","13":"product-type-simple"},"_links":{"self":[{"href":"https:\/\/emblemax.com.br\/es\/wp-json\/wp\/v2\/product\/29196","targetHints":{"allow":["GET"]}}],"collection":[{"href":"https:\/\/emblemax.com.br\/es\/wp-json\/wp\/v2\/product"}],"about":[{"href":"https:\/\/emblemax.com.br\/es\/wp-json\/wp\/v2\/types\/product"}],"replies":[{"embeddable":true,"href":"https:\/\/emblemax.com.br\/es\/wp-json\/wp\/v2\/comments?post=29196"}],"wp:featuredmedia":[{"embeddable":true,"href":"https:\/\/emblemax.com.br\/es\/wp-json\/wp\/v2\/media\/29197"}],"wp:attachment":[{"href":"https:\/\/emblemax.com.br\/es\/wp-json\/wp\/v2\/media?parent=29196"}],"wp:term":[{"taxonomy":"product_cat","embeddable":true,"href":"https:\/\/emblemax.com.br\/es\/wp-json\/wp\/v2\/product_cat?post=29196"},{"taxonomy":"product_tag","embeddable":true,"href":"https:\/\/emblemax.com.br\/es\/wp-json\/wp\/v2\/product_tag?post=29196"}],"curies":[{"name":"wp","href":"https:\/\/api.w.org\/{rel}","templated":true}]}}