{"id":29210,"date":"2025-12-01T15:24:46","date_gmt":"2025-12-01T18:24:46","guid":{"rendered":"https:\/\/emblemax.com.br\/produto\/zincado-r16-duc-daily-box-jump-m16x15-5-pcs\/"},"modified":"2025-12-01T15:24:47","modified_gmt":"2025-12-01T18:24:47","slug":"zincado-r16-duc-daily-box-jump-m16x15-5-pcs","status":"publish","type":"product","link":"https:\/\/emblemax.com.br\/es\/produto\/zincado-r16-duc-daily-box-jump-m16x15-5-pcs\/","title":{"rendered":"ZINCADO R16 DUC\/DAILY\/BOX\/JUMP M16X1,5 (5 P\u00c7S)"},"content":{"rendered":"<p>Transforme a performance do seu carro com nosso parafuso, projetado para garantir uma fixa\u00e7\u00e3o segura e eficaz nas rodas, proporcionando estabilidade e seguran\u00e7a em cada viagem.<\/p>\n","protected":false},"excerpt":{"rendered":"<p><strong>Especifica\u00e7\u00f5es do Produto:<\/strong><\/p>\n<p><strong>&#8211;<\/strong> Bitola: M16<\/p>\n<p>&#8211; Rosca: 1,50<\/p>\n<p>&#8211; Acabamento: Zincado<\/p>\n<p>&#8211; Jogo: 5 pe\u00e7as<\/p>\n","protected":false},"featured_media":29207,"comment_status":"open","ping_status":"closed","template":"","meta":[],"product_cat":[740],"product_tag":[],"class_list":{"0":"post-29210","1":"product","2":"type-product","3":"status-publish","4":"has-post-thumbnail","6":"product_cat-73mm","8":"first","9":"instock","10":"taxable","11":"shipping-taxable","12":"purchasable","13":"product-type-simple"},"_links":{"self":[{"href":"https:\/\/emblemax.com.br\/es\/wp-json\/wp\/v2\/product\/29210","targetHints":{"allow":["GET"]}}],"collection":[{"href":"https:\/\/emblemax.com.br\/es\/wp-json\/wp\/v2\/product"}],"about":[{"href":"https:\/\/emblemax.com.br\/es\/wp-json\/wp\/v2\/types\/product"}],"replies":[{"embeddable":true,"href":"https:\/\/emblemax.com.br\/es\/wp-json\/wp\/v2\/comments?post=29210"}],"wp:featuredmedia":[{"embeddable":true,"href":"https:\/\/emblemax.com.br\/es\/wp-json\/wp\/v2\/media\/29207"}],"wp:attachment":[{"href":"https:\/\/emblemax.com.br\/es\/wp-json\/wp\/v2\/media?parent=29210"}],"wp:term":[{"taxonomy":"product_cat","embeddable":true,"href":"https:\/\/emblemax.com.br\/es\/wp-json\/wp\/v2\/product_cat?post=29210"},{"taxonomy":"product_tag","embeddable":true,"href":"https:\/\/emblemax.com.br\/es\/wp-json\/wp\/v2\/product_tag?post=29210"}],"curies":[{"name":"wp","href":"https:\/\/api.w.org\/{rel}","templated":true}]}}