{"id":29296,"date":"2026-03-10T11:27:59","date_gmt":"2026-03-10T14:27:59","guid":{"rendered":"https:\/\/emblemax.com.br\/produto\/esp-c-arr-hd-todos-m12x1-50-20-pcs\/"},"modified":"2026-03-10T11:28:02","modified_gmt":"2026-03-10T14:28:02","slug":"esp-c-arr-hd-todos-m12x1-50-20-pcs","status":"publish","type":"product","link":"https:\/\/emblemax.com.br\/es\/produto\/esp-c-arr-hd-todos-m12x1-50-20-pcs\/","title":{"rendered":"ESP. C\/ ARR. HD TODOS M12X1.50 (20 P\u00c7S)"},"content":{"rendered":"<p>Eleve a seguran\u00e7a do seu ve\u00edculo com nossas porcas de alta qualidade, projetadas para garantir um encaixe perfeito e duradouro, mantendo suas rodas firmes e est\u00e1veis em todas as estradas.<\/p>\n","protected":false},"excerpt":{"rendered":"<p><strong>Descri\u00e7\u00e3o do produto:<\/strong><\/p>\n<p>\u00a0<\/p>\n<p>Bitola: M12<\/p>\n<p>Rosca: 1,50mm<\/p>\n<p>Comprimento total: 34.42mm<\/p>\n<p>Comprimento da rosca: 31.68mm<\/p>\n<p>Chave: 19mm<\/p>\n<p>Acabamento: Cromado<\/p>\n<p>Quantidade no jogo: 20 Pe\u00e7as<\/p>\n<p>\u00a0<\/p>\n<p>\u00a0<\/p>\n<p><strong>Aten\u00e7\u00e3o: O jogo de porcas n\u00e3o acompanha a chave!<\/strong><\/p>\n<div class=\"text-base my-auto mx-auto pb-10 [--thread-content-margin:--spacing(4)] @[37rem]:[--thread-content-margin:--spacing(6)] @[72rem]:[--thread-content-margin:--spacing(16)] px-(--thread-content-margin)\"><\/div>\n","protected":false},"featured_media":29293,"comment_status":"open","ping_status":"closed","template":"","meta":[],"product_cat":[740],"product_tag":[],"class_list":{"0":"post-29296","1":"product","2":"type-product","3":"status-publish","4":"has-post-thumbnail","6":"product_cat-73mm","8":"first","9":"instock","10":"taxable","11":"shipping-taxable","12":"purchasable","13":"product-type-simple"},"_links":{"self":[{"href":"https:\/\/emblemax.com.br\/es\/wp-json\/wp\/v2\/product\/29296","targetHints":{"allow":["GET"]}}],"collection":[{"href":"https:\/\/emblemax.com.br\/es\/wp-json\/wp\/v2\/product"}],"about":[{"href":"https:\/\/emblemax.com.br\/es\/wp-json\/wp\/v2\/types\/product"}],"replies":[{"embeddable":true,"href":"https:\/\/emblemax.com.br\/es\/wp-json\/wp\/v2\/comments?post=29296"}],"wp:featuredmedia":[{"embeddable":true,"href":"https:\/\/emblemax.com.br\/es\/wp-json\/wp\/v2\/media\/29293"}],"wp:attachment":[{"href":"https:\/\/emblemax.com.br\/es\/wp-json\/wp\/v2\/media?parent=29296"}],"wp:term":[{"taxonomy":"product_cat","embeddable":true,"href":"https:\/\/emblemax.com.br\/es\/wp-json\/wp\/v2\/product_cat?post=29296"},{"taxonomy":"product_tag","embeddable":true,"href":"https:\/\/emblemax.com.br\/es\/wp-json\/wp\/v2\/product_tag?post=29296"}],"curies":[{"name":"wp","href":"https:\/\/api.w.org\/{rel}","templated":true}]}}